{"id":11601,"date":"2025-06-16T16:10:32","date_gmt":"2025-06-16T13:10:32","guid":{"rendered":"https:\/\/greengenius.com\/?page_id=11601"},"modified":"2026-05-06T13:19:06","modified_gmt":"2026-05-06T10:19:06","slug":"ilte-finansavimas","status":"publish","type":"page","link":"https:\/\/greengenius.com\/lt\/ilte-finansavimas\/","title":{"rendered":"ILTE FINANSAVIMAS GREEN GENIUS SAUL\u0116S PARKAMS IR BIOMETANO J\u0116GAINEI LIETUVOJE"},"content":{"rendered":"<h2>UAB \u00a0GG LTU S41<\/h2>\n<p>UAB \u201eGG LTU S41\u201c statoma 30 GWh galios biometano j\u0117gain\u0117 Peleni\u0161ki\u0173 kaime, Pakruojo rajone.<\/p>\n<p>Trukm\u0117: 2026-05-01 \u2013 2027-11-30<\/p>\n<p>Projekto vert\u0117: 10 250 200 EUR<\/p>\n<p>ES finansavimas: 6 000 000EUR<\/p>\n<h2>UAB GG LTU S24<\/h2>\n<p>UAB GG LTU S24 planuoja pagal gaminan\u010di\u0173 vartotoj\u0173 schem\u0105 statyti tris nutolusius saul\u0117s parkus:<br \/>\n1) 5,65 MW, Vilio\u0161i\u0173 k., Akmen\u0117s sen., Akmen\u0117s r. sav. (projektas Nr. 8 \u2013 \u201eAkmen\u0117\u201c);<br \/>\n2) 7,54 MW, Kraki\u0173 k., Ma\u017eeiki\u0173 sen., Ma\u017eeiki\u0173 r. sav. (projektas Nr. 9 \u2013 \u201eMa\u017eeikiai 2\u201c);<br \/>\n3) 3,86 MW, Pakalupio k., Viek\u0161ni\u0173 sen., Ma\u017eeiki\u0173 r. sav. (projektas Nr. 10 \u2013 \u201eMa\u017eeikiai 3\u201c).<\/p>\n<p>Trukm\u0117:<br \/>\n04\/2025 &#8211; 10\/2026<\/p>\n<p>Projekto vert\u0117:<br \/>\n12 195 820 EUR<\/p>\n<p>ES finansavimas:<br \/>\n9 756 656 EUR<\/p>\n<h2><strong>UAB GG LTU S22<\/strong><\/h2>\n<p>UAB GG LTU S22 planuoja pagal gaminan\u010di\u0173 vartotoj\u0173 schem\u0105 statyti tris nutolusius saul\u0117s parkus:<br \/>\n1) 12,94 MW, \u0160ventoni\u0161kio k., K\u0117daini\u0173 sen., K\u0117daini\u0173 r. sav. (projektas Nr. 5 \u2013 \u201eK\u0117dainiai 2\u201c);<br \/>\n2) 3,64 MW, Senmiest\u0117s k., \u017didik\u0173 sen., Ma\u017eeiki\u0173 r. sav. (projektas Nr. 6 \u2013 \u201e\u017didikai\u201c);<br \/>\n3) 4,55 MW, U\u017ee\u017eer\u0117s k., Sedos sen., Ma\u017eeiki\u0173 r. sav. (projektas Nr. 7 \u2013 \u201eMa\u017eeikiai 4\u201c).<\/p>\n<p>Trukm\u0117:<br \/>\n04\/2025 &#8211; 10\/2026<\/p>\n<p>Projekto vert\u0117:<br \/>\n14\u00a0389 643 EUR<\/p>\n<p>ES finansavimas:<br \/>\n11\u00a0511\u00a0714 EUR<\/p>\n<p>&nbsp;<\/p>\n<h2><strong>UAB GG LTU S14<\/strong><\/h2>\n<p>UAB GG LTU S14 planuoja pagal gaminan\u010di\u0173 vartotoj\u0173 schem\u0105 statyti 16,44 MW galios nutolusio saul\u0117s elektrini\u0173 park\u0105 pagal gaminan\u010di\u0173 vartotoj\u0173 schem\u0105, Venslavi\u0161ki\u0173 k., Mie\u017ei\u0161ki\u0173 sen., Panev\u0117\u017eio r. sav. (projektas Nr. 4 \u2013 \u201ePanev\u0117\u017eys\u201c).<\/p>\n<p>Trukm\u0117:<br \/>\n04\/2025 &#8211; 10\/2026<\/p>\n<p>Projekto vert\u0117:<br \/>\n10\u00a0381 870 EUR<\/p>\n<p>ES finansavimas:<br \/>\n8\u00a0305\u00a0496 EUR<\/p>\n<p>&nbsp;<\/p>\n<h2><strong>UAB GG LTU S10<\/strong><\/h2>\n<p>UAB GG LTU S10 planuoja pagal gaminan\u010di\u0173 vartotoj\u0173 schem\u0105 statyti 14,99 MW galios nutolusio saul\u0117s elektrini\u0173 park\u0105 pagal gaminan\u010di\u0173 vartotoj\u0173 schem\u0105, Galini\u0161k\u0117s I k., Zaras\u0173 sen., Zaras\u0173 r. sav. (projektas Nr. 3 \u2013 \u201eZarasai\u201c).<\/p>\n<p>Trukm\u0117:<br \/>\n04\/2025 &#8211; 10\/2026<\/p>\n<p>Projekto vert\u0117:<br \/>\n10\u00a0641\u00a0777 EUR<\/p>\n<p>ES finansavimas:<br \/>\n8 513\u00a0421 EUR<\/p>\n<p>&nbsp;<\/p>\n<h2><strong>UAB GG LTU S7<\/strong><\/h2>\n<p>UAB GG LTU S7 planuoja pagal gaminan\u010di\u0173 vartotoj\u0173 schem\u0105 statyti du nutolusius saul\u0117s parkus:<br \/>\n1) 8,40 MW, \u0116ri\u0161ki\u0173 k., Upyt\u0117s sen., Panev\u0117\u017eio r. sav. (projektas Nr. 1 \u2013 \u201eKrekenava\u201c);<br \/>\n2) 11,67 MW, K\u0117bli\u0173 k., \u0160iauli\u0173 kaimi\u0161koji sen., \u0160iauli\u0173 r. sav. (projektas Nr. 2 \u2013 \u201eGubernija\u201c).<\/p>\n<p>Trukm\u0117:<br \/>\n04\/2025 &#8211; 10\/2026<\/p>\n<p>Projekto vert\u0117:<br \/>\n13\u00a0523\u00a0832 EUR<\/p>\n<p>ES finansavimas:<br \/>\n10 819 066 EUR<\/p>\n<img loading=\"lazy\" decoding=\"async\" class=\"alignnone size-large wp-image-11585\" src=\"https:\/\/greengenius.com\/wp-content\/uploads\/2025\/06\/LT_Co-fundedbytheEU_RGB_Monochrome-1024x236.png\" alt=\"\" width=\"1024\" height=\"236\" srcset=\"https:\/\/greengenius.com\/wp-content\/uploads\/2025\/06\/LT_Co-fundedbytheEU_RGB_Monochrome-1024x236.png 1024w, https:\/\/greengenius.com\/wp-content\/uploads\/2025\/06\/LT_Co-fundedbytheEU_RGB_Monochrome-300x69.png 300w, https:\/\/greengenius.com\/wp-content\/uploads\/2025\/06\/LT_Co-fundedbytheEU_RGB_Monochrome-768x177.png 768w, https:\/\/greengenius.com\/wp-content\/uploads\/2025\/06\/LT_Co-fundedbytheEU_RGB_Monochrome-1536x353.png 1536w, https:\/\/greengenius.com\/wp-content\/uploads\/2025\/06\/LT_Co-fundedbytheEU_RGB_Monochrome-2048x471.png 2048w, https:\/\/greengenius.com\/wp-content\/uploads\/2025\/06\/LT_Co-fundedbytheEU_RGB_Monochrome-1920x442.png 1920w\" sizes=\"auto, (max-width: 1024px) 100vw, 1024px\" \/>\n<p>&nbsp;<\/p>\n<img loading=\"lazy\" decoding=\"async\" class=\"alignnone size-large wp-image-11591\" src=\"https:\/\/greengenius.com\/wp-content\/uploads\/2025\/06\/NKL-Logo_Horizontal-RGB-1024x364.png\" alt=\"\" width=\"1024\" height=\"364\" srcset=\"https:\/\/greengenius.com\/wp-content\/uploads\/2025\/06\/NKL-Logo_Horizontal-RGB-1024x364.png 1024w, https:\/\/greengenius.com\/wp-content\/uploads\/2025\/06\/NKL-Logo_Horizontal-RGB-300x107.png 300w, https:\/\/greengenius.com\/wp-content\/uploads\/2025\/06\/NKL-Logo_Horizontal-RGB-768x273.png 768w, https:\/\/greengenius.com\/wp-content\/uploads\/2025\/06\/NKL-Logo_Horizontal-RGB-1536x546.png 1536w, https:\/\/greengenius.com\/wp-content\/uploads\/2025\/06\/NKL-Logo_Horizontal-RGB.png 1832w\" sizes=\"auto, (max-width: 1024px) 100vw, 1024px\" \/>\n","protected":false},"excerpt":{"rendered":"<p>UAB \u00a0GG LTU S41 UAB \u201eGG LTU S41\u201c statoma 30 GWh galios biometano j\u0117gain\u0117 Peleni\u0161ki\u0173 kaime, Pakruojo rajone. Trukm\u0117: 2026-05-01 \u2013 2027-11-30 Projekto vert\u0117: 10 250 200 EUR ES finansavimas: 6 000 000EUR UAB GG LTU S24 UAB GG LTU S24 planuoja pagal gaminan\u010di\u0173 vartotoj\u0173 schem\u0105 statyti tris nutolusius saul\u0117s parkus: 1) 5,65 MW, Vilio\u0161i\u0173 &#8230;<\/p>\n","protected":false},"author":1,"featured_media":0,"parent":0,"menu_order":0,"comment_status":"closed","ping_status":"closed","template":"","meta":{"_acf_changed":false,"inline_featured_image":false,"footnotes":""},"class_list":["post-11601","page","type-page","status-publish","hentry"],"acf":[],"yoast_head":"<!-- This site is optimized with the Yoast SEO plugin v27.1.1 - https:\/\/yoast.com\/product\/yoast-seo-wordpress\/ -->\n<title>ILTE FINANSAVIMAS GREEN GENIUS SAUL\u0116S PARKAMS IR BIOMETANO J\u0116GAINEI LIETUVOJE - Green Genius<\/title>\n<meta name=\"robots\" content=\"index, follow, max-snippet:-1, max-image-preview:large, max-video-preview:-1\" \/>\n<link rel=\"canonical\" href=\"https:\/\/greengenius.com\/lt\/ilte-finansavimas\/\" \/>\n<meta property=\"og:locale\" content=\"lt_LT\" \/>\n<meta property=\"og:type\" content=\"article\" \/>\n<meta property=\"og:title\" content=\"ILTE FINANSAVIMAS GREEN GENIUS SAUL\u0116S PARKAMS IR BIOMETANO J\u0116GAINEI LIETUVOJE - Green Genius\" \/>\n<meta property=\"og:description\" content=\"UAB \u00a0GG LTU S41 UAB \u201eGG LTU S41\u201c statoma 30 GWh galios biometano j\u0117gain\u0117 Peleni\u0161ki\u0173 kaime, Pakruojo rajone. Trukm\u0117: 2026-05-01 \u2013 2027-11-30 Projekto vert\u0117: 10 250 200 EUR ES finansavimas: 6 000 000EUR UAB GG LTU S24 UAB GG LTU S24 planuoja pagal gaminan\u010di\u0173 vartotoj\u0173 schem\u0105 statyti tris nutolusius saul\u0117s parkus: 1) 5,65 MW, Vilio\u0161i\u0173 ...\" \/>\n<meta property=\"og:url\" content=\"https:\/\/greengenius.com\/lt\/ilte-finansavimas\/\" \/>\n<meta property=\"og:site_name\" content=\"Green Genius\" \/>\n<meta property=\"article:publisher\" content=\"https:\/\/www.facebook.com\/greengeniuslietuva\/\" \/>\n<meta property=\"article:modified_time\" content=\"2026-05-06T10:19:06+00:00\" \/>\n<meta property=\"og:image\" content=\"https:\/\/greengenius.com\/wp-content\/uploads\/2025\/06\/LT_Co-fundedbytheEU_RGB_Monochrome.png\" \/>\n\t<meta property=\"og:image:width\" content=\"3999\" \/>\n\t<meta property=\"og:image:height\" content=\"920\" \/>\n\t<meta property=\"og:image:type\" content=\"image\/png\" \/>\n<meta name=\"twitter:card\" content=\"summary_large_image\" \/>\n<meta name=\"twitter:site\" content=\"@greengenius_\" \/>\n<meta name=\"twitter:label1\" content=\"Est. reading time\" \/>\n\t<meta name=\"twitter:data1\" content=\"2 minut\u0117s\" \/>\n<script type=\"application\/ld+json\" class=\"yoast-schema-graph\">{\"@context\":\"https:\/\/schema.org\",\"@graph\":[{\"@type\":\"Article\",\"@id\":\"https:\/\/greengenius.com\/lt\/ilte-finansavimas\/#article\",\"isPartOf\":{\"@id\":\"https:\/\/greengenius.com\/lt\/ilte-finansavimas\/\"},\"author\":{\"name\":\"gg_admin\",\"@id\":\"https:\/\/greengenius.com\/#\/schema\/person\/9dd61841b9ebbeac2b92b6a6e2bd7305\"},\"headline\":\"ILTE FINANSAVIMAS GREEN GENIUS SAUL\u0116S PARKAMS IR BIOMETANO J\u0116GAINEI LIETUVOJE\",\"datePublished\":\"2025-06-16T13:10:32+00:00\",\"dateModified\":\"2026-05-06T10:19:06+00:00\",\"mainEntityOfPage\":{\"@id\":\"https:\/\/greengenius.com\/lt\/ilte-finansavimas\/\"},\"wordCount\":342,\"publisher\":{\"@id\":\"https:\/\/greengenius.com\/#organization\"},\"image\":{\"@id\":\"https:\/\/greengenius.com\/lt\/ilte-finansavimas\/#primaryimage\"},\"thumbnailUrl\":\"https:\/\/greengenius.com\/wp-content\/uploads\/2025\/06\/LT_Co-fundedbytheEU_RGB_Monochrome-1024x236.png\",\"inLanguage\":\"lt-LT\"},{\"@type\":\"WebPage\",\"@id\":\"https:\/\/greengenius.com\/lt\/ilte-finansavimas\/\",\"url\":\"https:\/\/greengenius.com\/lt\/ilte-finansavimas\/\",\"name\":\"ILTE FINANSAVIMAS GREEN GENIUS SAUL\u0116S PARKAMS IR BIOMETANO J\u0116GAINEI LIETUVOJE - Green Genius\",\"isPartOf\":{\"@id\":\"https:\/\/greengenius.com\/#website\"},\"primaryImageOfPage\":{\"@id\":\"https:\/\/greengenius.com\/lt\/ilte-finansavimas\/#primaryimage\"},\"image\":{\"@id\":\"https:\/\/greengenius.com\/lt\/ilte-finansavimas\/#primaryimage\"},\"thumbnailUrl\":\"https:\/\/greengenius.com\/wp-content\/uploads\/2025\/06\/LT_Co-fundedbytheEU_RGB_Monochrome-1024x236.png\",\"datePublished\":\"2025-06-16T13:10:32+00:00\",\"dateModified\":\"2026-05-06T10:19:06+00:00\",\"breadcrumb\":{\"@id\":\"https:\/\/greengenius.com\/lt\/ilte-finansavimas\/#breadcrumb\"},\"inLanguage\":\"lt-LT\",\"potentialAction\":[{\"@type\":\"ReadAction\",\"target\":[\"https:\/\/greengenius.com\/lt\/ilte-finansavimas\/\"]}]},{\"@type\":\"ImageObject\",\"inLanguage\":\"lt-LT\",\"@id\":\"https:\/\/greengenius.com\/lt\/ilte-finansavimas\/#primaryimage\",\"url\":\"https:\/\/greengenius.com\/wp-content\/uploads\/2025\/06\/LT_Co-fundedbytheEU_RGB_Monochrome-1024x236.png\",\"contentUrl\":\"https:\/\/greengenius.com\/wp-content\/uploads\/2025\/06\/LT_Co-fundedbytheEU_RGB_Monochrome-1024x236.png\"},{\"@type\":\"BreadcrumbList\",\"@id\":\"https:\/\/greengenius.com\/lt\/ilte-finansavimas\/#breadcrumb\",\"itemListElement\":[{\"@type\":\"ListItem\",\"position\":1,\"name\":\"Home\",\"item\":\"https:\/\/greengenius.com\/lt\/\"},{\"@type\":\"ListItem\",\"position\":2,\"name\":\"ILTE FINANSAVIMAS GREEN GENIUS SAUL\u0116S PARKAMS IR BIOMETANO J\u0116GAINEI LIETUVOJE\"}]},{\"@type\":\"WebSite\",\"@id\":\"https:\/\/greengenius.com\/#website\",\"url\":\"https:\/\/greengenius.com\/\",\"name\":\"Green Genius\",\"description\":\"\",\"publisher\":{\"@id\":\"https:\/\/greengenius.com\/#organization\"},\"potentialAction\":[{\"@type\":\"SearchAction\",\"target\":{\"@type\":\"EntryPoint\",\"urlTemplate\":\"https:\/\/greengenius.com\/?s={search_term_string}\"},\"query-input\":{\"@type\":\"PropertyValueSpecification\",\"valueRequired\":true,\"valueName\":\"search_term_string\"}}],\"inLanguage\":\"lt-LT\"},{\"@type\":\"Organization\",\"@id\":\"https:\/\/greengenius.com\/#organization\",\"name\":\"Green Genius\",\"url\":\"https:\/\/greengenius.com\/\",\"logo\":{\"@type\":\"ImageObject\",\"inLanguage\":\"lt-LT\",\"@id\":\"https:\/\/greengenius.com\/#\/schema\/logo\/image\/\",\"url\":\"https:\/\/greengenius.com\/wp-content\/uploads\/2022\/10\/logo.png\",\"contentUrl\":\"https:\/\/greengenius.com\/wp-content\/uploads\/2022\/10\/logo.png\",\"width\":602,\"height\":602,\"caption\":\"Green Genius\"},\"image\":{\"@id\":\"https:\/\/greengenius.com\/#\/schema\/logo\/image\/\"},\"sameAs\":[\"https:\/\/www.facebook.com\/greengeniuslietuva\/\",\"https:\/\/x.com\/greengenius_\",\"https:\/\/www.linkedin.com\/company\/green-genius\/\",\"https:\/\/www.youtube.com\/channel\/UCxd1pbeZ-bFpy3qkdsL5gSg\"]},{\"@type\":\"Person\",\"@id\":\"https:\/\/greengenius.com\/#\/schema\/person\/9dd61841b9ebbeac2b92b6a6e2bd7305\",\"name\":\"gg_admin\"}]}<\/script>\n<!-- \/ Yoast SEO plugin. -->","yoast_head_json":{"title":"ILTE FINANSAVIMAS GREEN GENIUS SAUL\u0116S PARKAMS IR BIOMETANO J\u0116GAINEI LIETUVOJE - Green Genius","robots":{"index":"index","follow":"follow","max-snippet":"max-snippet:-1","max-image-preview":"max-image-preview:large","max-video-preview":"max-video-preview:-1"},"canonical":"https:\/\/greengenius.com\/lt\/ilte-finansavimas\/","og_locale":"lt_LT","og_type":"article","og_title":"ILTE FINANSAVIMAS GREEN GENIUS SAUL\u0116S PARKAMS IR BIOMETANO J\u0116GAINEI LIETUVOJE - Green Genius","og_description":"UAB \u00a0GG LTU S41 UAB \u201eGG LTU S41\u201c statoma 30 GWh galios biometano j\u0117gain\u0117 Peleni\u0161ki\u0173 kaime, Pakruojo rajone. Trukm\u0117: 2026-05-01 \u2013 2027-11-30 Projekto vert\u0117: 10 250 200 EUR ES finansavimas: 6 000 000EUR UAB GG LTU S24 UAB GG LTU S24 planuoja pagal gaminan\u010di\u0173 vartotoj\u0173 schem\u0105 statyti tris nutolusius saul\u0117s parkus: 1) 5,65 MW, Vilio\u0161i\u0173 ...","og_url":"https:\/\/greengenius.com\/lt\/ilte-finansavimas\/","og_site_name":"Green Genius","article_publisher":"https:\/\/www.facebook.com\/greengeniuslietuva\/","article_modified_time":"2026-05-06T10:19:06+00:00","og_image":[{"width":3999,"height":920,"url":"https:\/\/greengenius.com\/wp-content\/uploads\/2025\/06\/LT_Co-fundedbytheEU_RGB_Monochrome.png","type":"image\/png"}],"twitter_card":"summary_large_image","twitter_site":"@greengenius_","twitter_misc":{"Est. reading time":"2 minut\u0117s"},"schema":{"@context":"https:\/\/schema.org","@graph":[{"@type":"Article","@id":"https:\/\/greengenius.com\/lt\/ilte-finansavimas\/#article","isPartOf":{"@id":"https:\/\/greengenius.com\/lt\/ilte-finansavimas\/"},"author":{"name":"gg_admin","@id":"https:\/\/greengenius.com\/#\/schema\/person\/9dd61841b9ebbeac2b92b6a6e2bd7305"},"headline":"ILTE FINANSAVIMAS GREEN GENIUS SAUL\u0116S PARKAMS IR BIOMETANO J\u0116GAINEI LIETUVOJE","datePublished":"2025-06-16T13:10:32+00:00","dateModified":"2026-05-06T10:19:06+00:00","mainEntityOfPage":{"@id":"https:\/\/greengenius.com\/lt\/ilte-finansavimas\/"},"wordCount":342,"publisher":{"@id":"https:\/\/greengenius.com\/#organization"},"image":{"@id":"https:\/\/greengenius.com\/lt\/ilte-finansavimas\/#primaryimage"},"thumbnailUrl":"https:\/\/greengenius.com\/wp-content\/uploads\/2025\/06\/LT_Co-fundedbytheEU_RGB_Monochrome-1024x236.png","inLanguage":"lt-LT"},{"@type":"WebPage","@id":"https:\/\/greengenius.com\/lt\/ilte-finansavimas\/","url":"https:\/\/greengenius.com\/lt\/ilte-finansavimas\/","name":"ILTE FINANSAVIMAS GREEN GENIUS SAUL\u0116S PARKAMS IR BIOMETANO J\u0116GAINEI LIETUVOJE - Green Genius","isPartOf":{"@id":"https:\/\/greengenius.com\/#website"},"primaryImageOfPage":{"@id":"https:\/\/greengenius.com\/lt\/ilte-finansavimas\/#primaryimage"},"image":{"@id":"https:\/\/greengenius.com\/lt\/ilte-finansavimas\/#primaryimage"},"thumbnailUrl":"https:\/\/greengenius.com\/wp-content\/uploads\/2025\/06\/LT_Co-fundedbytheEU_RGB_Monochrome-1024x236.png","datePublished":"2025-06-16T13:10:32+00:00","dateModified":"2026-05-06T10:19:06+00:00","breadcrumb":{"@id":"https:\/\/greengenius.com\/lt\/ilte-finansavimas\/#breadcrumb"},"inLanguage":"lt-LT","potentialAction":[{"@type":"ReadAction","target":["https:\/\/greengenius.com\/lt\/ilte-finansavimas\/"]}]},{"@type":"ImageObject","inLanguage":"lt-LT","@id":"https:\/\/greengenius.com\/lt\/ilte-finansavimas\/#primaryimage","url":"https:\/\/greengenius.com\/wp-content\/uploads\/2025\/06\/LT_Co-fundedbytheEU_RGB_Monochrome-1024x236.png","contentUrl":"https:\/\/greengenius.com\/wp-content\/uploads\/2025\/06\/LT_Co-fundedbytheEU_RGB_Monochrome-1024x236.png"},{"@type":"BreadcrumbList","@id":"https:\/\/greengenius.com\/lt\/ilte-finansavimas\/#breadcrumb","itemListElement":[{"@type":"ListItem","position":1,"name":"Home","item":"https:\/\/greengenius.com\/lt\/"},{"@type":"ListItem","position":2,"name":"ILTE FINANSAVIMAS GREEN GENIUS SAUL\u0116S PARKAMS IR BIOMETANO J\u0116GAINEI LIETUVOJE"}]},{"@type":"WebSite","@id":"https:\/\/greengenius.com\/#website","url":"https:\/\/greengenius.com\/","name":"Green Genius","description":"","publisher":{"@id":"https:\/\/greengenius.com\/#organization"},"potentialAction":[{"@type":"SearchAction","target":{"@type":"EntryPoint","urlTemplate":"https:\/\/greengenius.com\/?s={search_term_string}"},"query-input":{"@type":"PropertyValueSpecification","valueRequired":true,"valueName":"search_term_string"}}],"inLanguage":"lt-LT"},{"@type":"Organization","@id":"https:\/\/greengenius.com\/#organization","name":"Green Genius","url":"https:\/\/greengenius.com\/","logo":{"@type":"ImageObject","inLanguage":"lt-LT","@id":"https:\/\/greengenius.com\/#\/schema\/logo\/image\/","url":"https:\/\/greengenius.com\/wp-content\/uploads\/2022\/10\/logo.png","contentUrl":"https:\/\/greengenius.com\/wp-content\/uploads\/2022\/10\/logo.png","width":602,"height":602,"caption":"Green Genius"},"image":{"@id":"https:\/\/greengenius.com\/#\/schema\/logo\/image\/"},"sameAs":["https:\/\/www.facebook.com\/greengeniuslietuva\/","https:\/\/x.com\/greengenius_","https:\/\/www.linkedin.com\/company\/green-genius\/","https:\/\/www.youtube.com\/channel\/UCxd1pbeZ-bFpy3qkdsL5gSg"]},{"@type":"Person","@id":"https:\/\/greengenius.com\/#\/schema\/person\/9dd61841b9ebbeac2b92b6a6e2bd7305","name":"gg_admin"}]}},"_links":{"self":[{"href":"https:\/\/greengenius.com\/lt\/wp-json\/wp\/v2\/pages\/11601","targetHints":{"allow":["GET"]}}],"collection":[{"href":"https:\/\/greengenius.com\/lt\/wp-json\/wp\/v2\/pages"}],"about":[{"href":"https:\/\/greengenius.com\/lt\/wp-json\/wp\/v2\/types\/page"}],"author":[{"embeddable":true,"href":"https:\/\/greengenius.com\/lt\/wp-json\/wp\/v2\/users\/1"}],"replies":[{"embeddable":true,"href":"https:\/\/greengenius.com\/lt\/wp-json\/wp\/v2\/comments?post=11601"}],"version-history":[{"count":8,"href":"https:\/\/greengenius.com\/lt\/wp-json\/wp\/v2\/pages\/11601\/revisions"}],"predecessor-version":[{"id":12155,"href":"https:\/\/greengenius.com\/lt\/wp-json\/wp\/v2\/pages\/11601\/revisions\/12155"}],"wp:attachment":[{"href":"https:\/\/greengenius.com\/lt\/wp-json\/wp\/v2\/media?parent=11601"}],"curies":[{"name":"wp","href":"https:\/\/api.w.org\/{rel}","templated":true}]}}