{"id":4558,"date":"2018-08-31T09:39:42","date_gmt":"2018-08-31T09:39:42","guid":{"rendered":"http:\/\/greengenius.eu\/cookie-policy\/"},"modified":"2020-05-20T12:45:37","modified_gmt":"2020-05-20T12:45:37","slug":"slapuku-politika","status":"publish","type":"page","link":"https:\/\/greengenius.com\/lt\/slapuku-politika\/","title":{"rendered":"Slapuk\u0173 politika"},"content":{"rendered":"<p><strong><em>Slapukai (<\/em><\/strong><strong>angl.<em>\u00a0Cookies)<\/em><\/strong><\/p>\n<p>Kad \u0161i svetain\u0117 tinkamai veikt\u0173, kartais \u012f j\u016bs\u0173 \u012frengin\u012f ji \u012fra\u0161o ma\u017eas duomen\u0173 rinkmenas, vadinamuosius slapukus. T\u0105 pat\u012f daro ir dauguma did\u017ei\u0173j\u0173 interneto svetaini\u0173.<\/p>\n<p><strong>Kas yra slapukai?<\/strong><\/p>\n<p>Slapukas yra nedidel\u0117 teksto rinkmena, kuri\u0105 svetain\u0117 jums joje apsilankius i\u0161saugo j\u016bs\u0173 kompiuteryje arba judriojo ry\u0161io \u012frenginyje. D\u0117l jo interneto svetain\u0117 gali tam tikr\u0105 laik\u0105 \u201eatsiminti\u201c j\u016bs\u0173 veiksmus ir parinktis (pvz., registracijos vard\u0105, kalb\u0105, \u0161rifto dyd\u012f ir kitas rodymo parinktis), o jums nereikia j\u0173 i\u0161 naujo \u012fvedin\u0117ti kaskart lankantis svetain\u0117je ar nar\u0161ant \u012fvairiuose jos puslapiuose<\/p>\n<p><strong>Kokios naudojam\u0173 slapuk\u0173 r\u016b\u0161ys?<\/strong><\/p>\n<p>B\u016btinieji Slapukai \u2013 tai Slapukai reikalingi tinkamam Svetain\u0117s veikimui. Jie \u012fgalina naudotis tam tikromis Svetain\u0117s funkcijomis, pavyzd\u017eiui, saugiai prisijungti prie Svetain\u0117je susikurtos Paskyros.<\/p>\n<p>Analitiniai \/ veikimo Slapukai \u2013 su \u0161i\u0173 Slapuk\u0173 pagalba renkami duomenys apie tai, kiek vartotoj\u0173 naudojasi Svetaine, kok\u012f turin\u012f jie pasirenka nar\u0161ydami bei kita informacija, reikalinga Svetain\u0117s funkcionalumo tobulinimui.<\/p>\n<p>Funkciniai Slapukai \u2013 tai Slapukai naudojami Svetaine pakartotinai besinaudojan\u010dio Vartotojo atpa\u017einimui. Jie padeda personalizuoti Svetain\u0117je pateikiam\u0105 turin\u012f, i\u0161saugoti pasirinktus nustatymus ir pan.<\/p>\n<p>Reklaminiai \/ Tre\u010di\u0173j\u0173 \u0161ali\u0173 Slapukai \u2013 su \u0161i\u0173 Slapuk\u0173 pagalba informacija apie naudojim\u0105si Svetaine pritaikoma Vartotoj\u0105 dominan\u010dios reklamos ar kitos tikslin\u0117s informacijos pateikimui.<\/p>\n<p><strong>Kaip UAB \u201eGreen Genius\u201c \u00a0(toliau \u2013 Bendrov\u0117) naudoja slapukus?<\/strong><\/p>\n<p>www.greengenius.lt naudoja slapukus, kad surinkt\u0173 J\u016bs\u0173 IP adreso ir nar\u0161ymo informacij\u0105, toki\u0105 kaip aplankytos interneto svetain\u0117s ar kiekviename tinklapyje praleistas laikas. Tai leid\u017eia interneto svetainei prisiminti J\u016bs\u0173 sistem\u0105 ir nustatymus.<\/p>\n<p>Kiti slapukai leid\u017eia Bendrovei steb\u0117ti svetain\u0117s srautus ir vartotoj\u0173 veiksmus svetain\u0117je \u2013 Bendrov\u0117 \u0161iuos duomenis naudoja lankytoj\u0173 elgesio analizei bei tam, kad pagerint\u0173 lankymosi svetain\u0117je patirt\u012f. \u0160ie slapukai yra \u012fdiegiami ir naudojami \u201eGoogle Analytics\u201c \u012frankio pagalba.<\/p>\n<p>\u201eGoogle Analytics\u201c slapukai naudojami \u012fvairioms j\u0173 paslaugoms ir reklamos tikslais. Slapukai renka \u012fvairi\u0105 informacij\u0105 apie vartotojus ir yra naudojami siekiant atskirti unikalius vartotojus, priskiriant jiems unikal\u0173 identifikatori\u0173 (ID).<\/p>\n<p>Slapukai yra \u012fdiegiami J\u016bs\u0173 \u012frenginyje Jums apsilankius m\u016bs\u0173 interneto svetain\u0117je. Pa\u017eym\u0117tina, kad jei i\u0161jungiate slapukus savo nar\u0161ykl\u0117je, kai kurios svetain\u0117s funkcijos gali i\u0161 dalies arba visi\u0161kai neveikti.<\/p>\n<p>Teisinis pagrindas naudoti slapukus yra Bendrov\u0117s teis\u0117tas interesas u\u017etikrinti interneto svetain\u0117s technin\u012f funkcionavim\u0105. Tais atvejais, kai slapukai naudojami siekiant prisiminti J\u016bs\u0173 pasirinktis bei kaupti statistik\u0105, teisinis pagrindas slapuk\u0173 naudojimui yra J\u016bs\u0173 sutikimas.<\/p>\n<p><strong>Kas turi prieig\u0105 prie J\u016bs\u0173 duomen\u0173?<\/strong><\/p>\n<p>Prieig\u0105 prie statistini\u0173 duomen\u0173 apie Bendrov\u0117s lankytojus turi Bendrov\u0117s darbuotojai, kurie yra atsakingi u\u017e \u0161i\u0173 duomen\u0173 analiz\u0119 ir interneto svetain\u0117s tobulinim\u0105.<\/p>\n<p>Taip pat, prieig\u0105 prie technini\u0173 \u012fra\u0161\u0173 gali tur\u0117ti Bendrov\u0117s partneriai, kurie teikia Bendrovei interneto svetain\u0117s turinio valdymo \u012frankius arba Bendrov\u0117s svetain\u0117s talpinimo (angl.\u00a0<em>hosting<\/em>) paslaugas.<\/p>\n<p>\u201eGoogle Analytics\u201c \u012frank\u012f suteikia \u012fmon\u0117 \u201eGoogle Inc.\u201c (JAV \u012fmon\u0117), tad ji taip pat turi prieig\u0105 prie \u0161iuo \u012frankiu surinkt\u0173 statistini\u0173 duomen\u0173. \u201eGoogle Inc.\u201c yra \u012fsipareigojusi taikyti ES \u2013 JAV Privatumo skydo principus, kurie u\u017etikrina, kad paslaug\u0173 teik\u0117jas atitinka ES privatumo standart\u0173 reikalavimams. \u0160iam teik\u0117jui taip pat taikomi sutartiniai \u012fpareigojimai u\u017etikrinti privatum\u0105. Apie tai galite paskaityti \u010dia:\u00a0<a href=\"https:\/\/www.google.com\/analytics\/terms\/dpa\/dataprocessingamendment_20160909.html\">https:\/\/www.google.com\/analytics\/terms\/dpa\/dataprocessingamendment_20160909.html<\/a>.<\/p>\n<p><strong>Kiek ilgai Bendrov\u0117 i\u0161saugo duomenis?<\/strong><\/p>\n<p>Bendrov\u0117 naudoja surinktus duomenis analizei iki trej\u0173 met\u0173.<\/p>\n<p>Slapukai paprastai galioja trumpai, priklauso nuo slapuko tipo (vien\u0105 dien\u0105, savait\u0119 ar m\u0117nes\u012f), bet kai kuriais atvejais gali galioti ir iki penkeri\u0173 met\u0173.<\/p>\n<p><strong>J\u016bs\u0173 teis\u0117s ir kaip galite jomis pasinaudoti<\/strong><\/p>\n<p>Susisiek\u0119 su Bendrove el. pa\u0161tu\u00a0<a href=\"mailto:hello@greengenius.lt\">hello@greengenius.lt<\/a>\u00a0arba kitais nurodytais Bendrov\u0117s kontaktais, galite pasinaudoti savo teis\u0117mis, taip pat ir susijusiomis su asmens duomen\u0173 tvarkymu panaudojant slapukus. Pra\u0161ym\u0105 tur\u0117tum\u0117te pateikti kartu su asmens tapatyb\u0119 patvirtinan\u010diu dokumentu arba teis\u0117s akt\u0173 nustatyta tvarka elektronini\u0173 ry\u0161i\u0173 priemon\u0117mis, kurios leid\u017eia tinkamai identifikuoti asmen\u012f, patvirtinus savo asmens tapatyb\u0119.<\/p>\n<p>J\u016bs\u0173 teis\u0117s:<\/p>\n<ul>\n<li>susipa\u017einti su tvarkomais J\u016bs\u0173 asmens duomenimis;<\/li>\n<li>pra\u0161yti i\u0161taisyti J\u016bs\u0173 asmens duomenis;<\/li>\n<li>pra\u0161yti i\u0161trinti J\u016bs\u0173 asmens duomenis;<\/li>\n<li>jei taikytina, at\u0161aukti sutikim\u0105 leisti tvarkyti J\u016bs\u0173 asmens duomenis;<\/li>\n<li>jei taikytina \u2013 teis\u0119 \u012f duomen\u0173 perkeliamum\u0105.<\/li>\n<\/ul>\n<p>Kai kuriais atvejais J\u016bs galite tur\u0117ti teis\u0119 pra\u0161yti apriboti J\u016bs\u0173 asmens duomen\u0173 tvarkym\u0105 arba nesutikti, kad b\u016bt\u0173 tvarkomi J\u016bs\u0173 asmens duomenys.<\/p>\n<p>Jums papra\u0161ius, J\u016bs\u0173 asmens duomenys bus i\u0161trinami, Bendrov\u0117 i\u0161saugos tik tokios informacijos kopijas, kurios yra b\u016btinos siekiant apsaugoti tre\u010di\u0173j\u0173 \u0161ali\u0173 teis\u0117tus interesus, laikytis valstyb\u0117s institucij\u0173 \u012fpareigojim\u0173, spr\u0119sti gin\u010dus, atpa\u017einti trikd\u017eius.<\/p>\n<p><strong>Kaip valdyti slapukus?<\/strong><\/p>\n<p>Galite i\u0161trinti visus J\u016bs\u0173 \u012frenginyje jau esan\u010dius slapukus; be to, daugumoje nar\u0161ykli\u0173 galite nustatyti, kad jos neleist\u0173 \u012fdiegti slapuk\u0173. Ta\u010diau jei tai padarysite, gali tekti rankiniu b\u016bdu \u012fvesti savo pageidaujamus nustatymus kaskart apsilankius interneto svetain\u0117je. Be to, kai kurios paslaugos ir funkcijos gali neveikti. J\u016bs galite bet kada vos panor\u0117j\u0119 valdyti ir \/ arba i\u0161trinti pagal savo pageidavimus. Daugumoje nar\u0161ykli\u0173 galite nustatyti, kad slapukai neb\u016bt\u0173 \u012fra\u0161omi.<\/p>\n<p><strong>Slapuk\u0173 valdymas j\u016bs\u0173 nar\u0161ykl\u0117je<\/strong><\/p>\n<p>Daugumoje nar\u0161ykli\u0173 galima:<\/p>\n<ul>\n<li>patikrinti, kokie slapukai yra \u012fra\u0161yti, ir i\u0161trinti atskirus slapukus;<\/li>\n<li>blokuoti tre\u010di\u0173j\u0173 \u0161ali\u0173 slapukus;<\/li>\n<li>blokuoti slapukus i\u0161 konkre\u010di\u0173 interneto svetaini\u0173;<\/li>\n<li>blokuoti vis\u0173 slapuk\u0173 siuntim\u0105;<\/li>\n<li>u\u017edarant nar\u0161ykl\u0119 i\u0161trinti visus slapukus.<\/li>\n<\/ul>\n<p>Jei pasirinkote i\u0161trinti slapukus, nepamir\u0161kite, kad bus pa\u0161alintos ir visos nustatytos parinktys. Be to, visi\u0161kai u\u017eblokavus slapukus, daug interneto svetaini\u0173 (\u012fskaitant m\u016bs\u0173 svetain\u0119) neveiks tinkamai arba visi\u0161kai neveiks nar\u0161ymas svetain\u0117je. D\u0117l \u0161i\u0173 prie\u017eas\u010di\u0173 nerekomenduojame i\u0161jungti slapuk\u0173, kai naudojat\u0117s m\u016bs\u0173 interneto svetaine.<\/p>\n<ul>\n<li><a href=\"https:\/\/support.google.com\/accounts\/answer\/32050?co=GENIE.Platform%3DDesktop&amp;hl=lt\">Chrome<\/a><\/li>\n<li><a href=\"https:\/\/support.microsoft.com\/lt-lt\/help\/10607\/microsoft-edge-view-delete-browser-history\">Microsoft Edge<\/a><\/li>\n<li><a href=\"https:\/\/support.mozilla.org\/lt\/kb\/Slapuk%C5%B3%20%C5%A1alinimas\">Firefox<\/a><\/li>\n<li><a href=\"https:\/\/support.apple.com\/kb\/ph21411?locale=en_US\">Safari<\/a><\/li>\n<li><a href=\"https:\/\/www.opera.com\/help\/tutorials\/security\/privacy\/\">Opera<\/a><\/li>\n<\/ul>\n<p><strong>Pasirinkimas \u201enesekti\u201c<\/strong><\/p>\n<p>Technologija \u201enesekti\u201c suteikia lankytojams galimyb\u0119 neleisti j\u0173 sekti interneto svetain\u0117se jokiais tikslais, be kita ko, analizei, reklamai ir socialini\u0173 platform\u0173 reikm\u0117ms. Kaip savo nar\u0161ykl\u0117je \u012fjungti parinkt\u012f \u201enesekti\u201c:<\/p>\n<ul>\n<li><a href=\"https:\/\/support.google.com\/chrome\/answer\/114836?hl=lt&amp;ref_topic=3421433\">Chrome<\/a><\/li>\n<li><a href=\"https:\/\/privacy.microsoft.com\/lt-lt\/windows-10-microsoft-edge-and-privacy\">Microsoft Edge<\/a><\/li>\n<li><a href=\"https:\/\/support.mozilla.org\/lt\/kb\/nurodyti-svetainems-kad-jos-jusu-nestebetu\">Firefox<\/a><\/li>\n<li><a href=\"http:\/\/help.apple.com\/safari\/mac\/9.0\/#\/sfri40732\">Safari<\/a><\/li>\n<li><a href=\"http:\/\/help.opera.com\/Windows\/12.10\/en\/notrack.html\">Opera<\/a><\/li>\n<\/ul>\n<p><strong>Teis\u0117 pateikti skund\u0105<\/strong><\/p>\n<p>Jei manote, kad buvo pa\u017eeistos J\u016bs\u0173 teis\u0117s \u012f privatum\u0105, galite kreiptis \u012f Bendrov\u0119 el. pa\u0161tu\u00a0<a href=\"mailto:hello@greengenius.lt\">hello@greengenius.lt<\/a>\u00a0Taip pat galite pateikti skund\u0105 Valstybinei duomen\u0173 apsaugos inspekcijai arba galite kreiptis \u012f teism\u0105.<\/p>\n","protected":false},"excerpt":{"rendered":"<p>Slapukai (angl.\u00a0Cookies) Kad \u0161i svetain\u0117 tinkamai veikt\u0173, kartais \u012f j\u016bs\u0173 \u012frengin\u012f ji \u012fra\u0161o ma\u017eas duomen\u0173 rinkmenas, vadinamuosius slapukus. T\u0105 pat\u012f daro ir dauguma did\u017ei\u0173j\u0173 interneto svetaini\u0173. Kas yra slapukai? Slapukas yra nedidel\u0117 teksto rinkmena, kuri\u0105 svetain\u0117 jums joje apsilankius i\u0161saugo j\u016bs\u0173 kompiuteryje arba judriojo ry\u0161io \u012frenginyje. D\u0117l jo interneto svetain\u0117 gali tam tikr\u0105 laik\u0105 \u201eatsiminti\u201c &#8230;<\/p>\n","protected":false},"author":1,"featured_media":0,"parent":0,"menu_order":0,"comment_status":"closed","ping_status":"closed","template":"","meta":{"_acf_changed":false,"inline_featured_image":false,"footnotes":""},"class_list":["post-4558","page","type-page","status-publish","hentry"],"acf":[],"yoast_head":"<!-- This site is optimized with the Yoast SEO plugin v27.1.1 - https:\/\/yoast.com\/product\/yoast-seo-wordpress\/ -->\n<title>Slapuk\u0173 politika - Green Genius<\/title>\n<meta name=\"robots\" content=\"index, follow, max-snippet:-1, max-image-preview:large, max-video-preview:-1\" \/>\n<link rel=\"canonical\" href=\"https:\/\/greengenius.stillnot.live\/lt\/slapuku-politika\/\" \/>\n<meta property=\"og:locale\" content=\"lt_LT\" \/>\n<meta property=\"og:type\" content=\"article\" \/>\n<meta property=\"og:title\" content=\"Slapuk\u0173 politika - Green Genius\" \/>\n<meta property=\"og:description\" content=\"Slapukai (angl.\u00a0Cookies) Kad \u0161i svetain\u0117 tinkamai veikt\u0173, kartais \u012f j\u016bs\u0173 \u012frengin\u012f ji \u012fra\u0161o ma\u017eas duomen\u0173 rinkmenas, vadinamuosius slapukus. T\u0105 pat\u012f daro ir dauguma did\u017ei\u0173j\u0173 interneto svetaini\u0173. Kas yra slapukai? Slapukas yra nedidel\u0117 teksto rinkmena, kuri\u0105 svetain\u0117 jums joje apsilankius i\u0161saugo j\u016bs\u0173 kompiuteryje arba judriojo ry\u0161io \u012frenginyje. D\u0117l jo interneto svetain\u0117 gali tam tikr\u0105 laik\u0105 \u201eatsiminti\u201c ...\" \/>\n<meta property=\"og:url\" content=\"https:\/\/greengenius.stillnot.live\/lt\/slapuku-politika\/\" \/>\n<meta property=\"og:site_name\" content=\"Green Genius\" \/>\n<meta property=\"article:publisher\" content=\"https:\/\/www.facebook.com\/greengeniuslietuva\/\" \/>\n<meta property=\"article:modified_time\" content=\"2020-05-20T12:45:37+00:00\" \/>\n<meta name=\"twitter:card\" content=\"summary_large_image\" \/>\n<meta name=\"twitter:site\" content=\"@greengenius_\" \/>\n<meta name=\"twitter:label1\" content=\"Est. reading time\" \/>\n\t<meta name=\"twitter:data1\" content=\"5 minut\u0117s\" \/>\n<script type=\"application\/ld+json\" class=\"yoast-schema-graph\">{\"@context\":\"https:\/\/schema.org\",\"@graph\":[{\"@type\":\"Article\",\"@id\":\"https:\/\/greengenius.stillnot.live\/lt\/slapuku-politika\/#article\",\"isPartOf\":{\"@id\":\"https:\/\/greengenius.stillnot.live\/lt\/slapuku-politika\/\"},\"author\":{\"name\":\"gg_admin\",\"@id\":\"https:\/\/greengenius.com\/#\/schema\/person\/9dd61841b9ebbeac2b92b6a6e2bd7305\"},\"headline\":\"Slapuk\u0173 politika\",\"datePublished\":\"2018-08-31T09:39:42+00:00\",\"dateModified\":\"2020-05-20T12:45:37+00:00\",\"mainEntityOfPage\":{\"@id\":\"https:\/\/greengenius.stillnot.live\/lt\/slapuku-politika\/\"},\"wordCount\":1018,\"publisher\":{\"@id\":\"https:\/\/greengenius.com\/#organization\"},\"inLanguage\":\"lt-LT\"},{\"@type\":\"WebPage\",\"@id\":\"https:\/\/greengenius.stillnot.live\/lt\/slapuku-politika\/\",\"url\":\"https:\/\/greengenius.stillnot.live\/lt\/slapuku-politika\/\",\"name\":\"Slapuk\u0173 politika - Green Genius\",\"isPartOf\":{\"@id\":\"https:\/\/greengenius.com\/#website\"},\"datePublished\":\"2018-08-31T09:39:42+00:00\",\"dateModified\":\"2020-05-20T12:45:37+00:00\",\"breadcrumb\":{\"@id\":\"https:\/\/greengenius.stillnot.live\/lt\/slapuku-politika\/#breadcrumb\"},\"inLanguage\":\"lt-LT\",\"potentialAction\":[{\"@type\":\"ReadAction\",\"target\":[\"https:\/\/greengenius.stillnot.live\/lt\/slapuku-politika\/\"]}]},{\"@type\":\"BreadcrumbList\",\"@id\":\"https:\/\/greengenius.stillnot.live\/lt\/slapuku-politika\/#breadcrumb\",\"itemListElement\":[{\"@type\":\"ListItem\",\"position\":1,\"name\":\"Home\",\"item\":\"https:\/\/greengenius.com\/lt\/\"},{\"@type\":\"ListItem\",\"position\":2,\"name\":\"Slapuk\u0173 politika\"}]},{\"@type\":\"WebSite\",\"@id\":\"https:\/\/greengenius.com\/#website\",\"url\":\"https:\/\/greengenius.com\/\",\"name\":\"Green Genius\",\"description\":\"\",\"publisher\":{\"@id\":\"https:\/\/greengenius.com\/#organization\"},\"potentialAction\":[{\"@type\":\"SearchAction\",\"target\":{\"@type\":\"EntryPoint\",\"urlTemplate\":\"https:\/\/greengenius.com\/?s={search_term_string}\"},\"query-input\":{\"@type\":\"PropertyValueSpecification\",\"valueRequired\":true,\"valueName\":\"search_term_string\"}}],\"inLanguage\":\"lt-LT\"},{\"@type\":\"Organization\",\"@id\":\"https:\/\/greengenius.com\/#organization\",\"name\":\"Green Genius\",\"url\":\"https:\/\/greengenius.com\/\",\"logo\":{\"@type\":\"ImageObject\",\"inLanguage\":\"lt-LT\",\"@id\":\"https:\/\/greengenius.com\/#\/schema\/logo\/image\/\",\"url\":\"https:\/\/greengenius.com\/wp-content\/uploads\/2022\/10\/logo.png\",\"contentUrl\":\"https:\/\/greengenius.com\/wp-content\/uploads\/2022\/10\/logo.png\",\"width\":602,\"height\":602,\"caption\":\"Green Genius\"},\"image\":{\"@id\":\"https:\/\/greengenius.com\/#\/schema\/logo\/image\/\"},\"sameAs\":[\"https:\/\/www.facebook.com\/greengeniuslietuva\/\",\"https:\/\/x.com\/greengenius_\",\"https:\/\/www.linkedin.com\/company\/green-genius\/\",\"https:\/\/www.youtube.com\/channel\/UCxd1pbeZ-bFpy3qkdsL5gSg\"]},{\"@type\":\"Person\",\"@id\":\"https:\/\/greengenius.com\/#\/schema\/person\/9dd61841b9ebbeac2b92b6a6e2bd7305\",\"name\":\"gg_admin\"}]}<\/script>\n<!-- \/ Yoast SEO plugin. -->","yoast_head_json":{"title":"Slapuk\u0173 politika - Green Genius","robots":{"index":"index","follow":"follow","max-snippet":"max-snippet:-1","max-image-preview":"max-image-preview:large","max-video-preview":"max-video-preview:-1"},"canonical":"https:\/\/greengenius.stillnot.live\/lt\/slapuku-politika\/","og_locale":"lt_LT","og_type":"article","og_title":"Slapuk\u0173 politika - Green Genius","og_description":"Slapukai (angl.\u00a0Cookies) Kad \u0161i svetain\u0117 tinkamai veikt\u0173, kartais \u012f j\u016bs\u0173 \u012frengin\u012f ji \u012fra\u0161o ma\u017eas duomen\u0173 rinkmenas, vadinamuosius slapukus. T\u0105 pat\u012f daro ir dauguma did\u017ei\u0173j\u0173 interneto svetaini\u0173. Kas yra slapukai? Slapukas yra nedidel\u0117 teksto rinkmena, kuri\u0105 svetain\u0117 jums joje apsilankius i\u0161saugo j\u016bs\u0173 kompiuteryje arba judriojo ry\u0161io \u012frenginyje. D\u0117l jo interneto svetain\u0117 gali tam tikr\u0105 laik\u0105 \u201eatsiminti\u201c ...","og_url":"https:\/\/greengenius.stillnot.live\/lt\/slapuku-politika\/","og_site_name":"Green Genius","article_publisher":"https:\/\/www.facebook.com\/greengeniuslietuva\/","article_modified_time":"2020-05-20T12:45:37+00:00","twitter_card":"summary_large_image","twitter_site":"@greengenius_","twitter_misc":{"Est. reading time":"5 minut\u0117s"},"schema":{"@context":"https:\/\/schema.org","@graph":[{"@type":"Article","@id":"https:\/\/greengenius.stillnot.live\/lt\/slapuku-politika\/#article","isPartOf":{"@id":"https:\/\/greengenius.stillnot.live\/lt\/slapuku-politika\/"},"author":{"name":"gg_admin","@id":"https:\/\/greengenius.com\/#\/schema\/person\/9dd61841b9ebbeac2b92b6a6e2bd7305"},"headline":"Slapuk\u0173 politika","datePublished":"2018-08-31T09:39:42+00:00","dateModified":"2020-05-20T12:45:37+00:00","mainEntityOfPage":{"@id":"https:\/\/greengenius.stillnot.live\/lt\/slapuku-politika\/"},"wordCount":1018,"publisher":{"@id":"https:\/\/greengenius.com\/#organization"},"inLanguage":"lt-LT"},{"@type":"WebPage","@id":"https:\/\/greengenius.stillnot.live\/lt\/slapuku-politika\/","url":"https:\/\/greengenius.stillnot.live\/lt\/slapuku-politika\/","name":"Slapuk\u0173 politika - Green Genius","isPartOf":{"@id":"https:\/\/greengenius.com\/#website"},"datePublished":"2018-08-31T09:39:42+00:00","dateModified":"2020-05-20T12:45:37+00:00","breadcrumb":{"@id":"https:\/\/greengenius.stillnot.live\/lt\/slapuku-politika\/#breadcrumb"},"inLanguage":"lt-LT","potentialAction":[{"@type":"ReadAction","target":["https:\/\/greengenius.stillnot.live\/lt\/slapuku-politika\/"]}]},{"@type":"BreadcrumbList","@id":"https:\/\/greengenius.stillnot.live\/lt\/slapuku-politika\/#breadcrumb","itemListElement":[{"@type":"ListItem","position":1,"name":"Home","item":"https:\/\/greengenius.com\/lt\/"},{"@type":"ListItem","position":2,"name":"Slapuk\u0173 politika"}]},{"@type":"WebSite","@id":"https:\/\/greengenius.com\/#website","url":"https:\/\/greengenius.com\/","name":"Green Genius","description":"","publisher":{"@id":"https:\/\/greengenius.com\/#organization"},"potentialAction":[{"@type":"SearchAction","target":{"@type":"EntryPoint","urlTemplate":"https:\/\/greengenius.com\/?s={search_term_string}"},"query-input":{"@type":"PropertyValueSpecification","valueRequired":true,"valueName":"search_term_string"}}],"inLanguage":"lt-LT"},{"@type":"Organization","@id":"https:\/\/greengenius.com\/#organization","name":"Green Genius","url":"https:\/\/greengenius.com\/","logo":{"@type":"ImageObject","inLanguage":"lt-LT","@id":"https:\/\/greengenius.com\/#\/schema\/logo\/image\/","url":"https:\/\/greengenius.com\/wp-content\/uploads\/2022\/10\/logo.png","contentUrl":"https:\/\/greengenius.com\/wp-content\/uploads\/2022\/10\/logo.png","width":602,"height":602,"caption":"Green Genius"},"image":{"@id":"https:\/\/greengenius.com\/#\/schema\/logo\/image\/"},"sameAs":["https:\/\/www.facebook.com\/greengeniuslietuva\/","https:\/\/x.com\/greengenius_","https:\/\/www.linkedin.com\/company\/green-genius\/","https:\/\/www.youtube.com\/channel\/UCxd1pbeZ-bFpy3qkdsL5gSg"]},{"@type":"Person","@id":"https:\/\/greengenius.com\/#\/schema\/person\/9dd61841b9ebbeac2b92b6a6e2bd7305","name":"gg_admin"}]}},"_links":{"self":[{"href":"https:\/\/greengenius.com\/lt\/wp-json\/wp\/v2\/pages\/4558","targetHints":{"allow":["GET"]}}],"collection":[{"href":"https:\/\/greengenius.com\/lt\/wp-json\/wp\/v2\/pages"}],"about":[{"href":"https:\/\/greengenius.com\/lt\/wp-json\/wp\/v2\/types\/page"}],"author":[{"embeddable":true,"href":"https:\/\/greengenius.com\/lt\/wp-json\/wp\/v2\/users\/1"}],"replies":[{"embeddable":true,"href":"https:\/\/greengenius.com\/lt\/wp-json\/wp\/v2\/comments?post=4558"}],"version-history":[{"count":3,"href":"https:\/\/greengenius.com\/lt\/wp-json\/wp\/v2\/pages\/4558\/revisions"}],"predecessor-version":[{"id":4632,"href":"https:\/\/greengenius.com\/lt\/wp-json\/wp\/v2\/pages\/4558\/revisions\/4632"}],"wp:attachment":[{"href":"https:\/\/greengenius.com\/lt\/wp-json\/wp\/v2\/media?parent=4558"}],"curies":[{"name":"wp","href":"https:\/\/api.w.org\/{rel}","templated":true}]}}