{"id":7914,"date":"2022-08-22T12:15:38","date_gmt":"2022-08-22T12:15:38","guid":{"rendered":"https:\/\/greengenius.com\/?page_id=7914"},"modified":"2025-06-11T10:13:41","modified_gmt":"2025-06-11T07:13:41","slug":"imones-politikos-dokumentai","status":"publish","type":"page","link":"https:\/\/greengenius.com\/lt\/imones-politikos-dokumentai\/","title":{"rendered":"\u012emon\u0117s politikos dokumentai"},"content":{"rendered":"<h4><a href=\"https:\/\/greengenius.com\/wp-content\/uploads\/2025\/06\/01.2.-KADV-GG-politika_v3.pdf\"><strong>1. \u012eMON\u0116S POLITIKA<\/strong><\/a><\/h4>\n<h4><a href=\"https:\/\/greengenius.com\/wp-content\/uploads\/2025\/06\/01.1.-KADV-Taikymo_sritis_2025.pdf\">2. <b>KOKYB\u0116S, APLINKOSAUGOS IR DARBUOTOJ\u0172 SAUGOS IR SVEIKATOS <\/b><b>VADYBOS SISTEMA<\/b><\/a><\/h4>\n<h4><a href=\"https:\/\/greengenius.com\/wp-content\/uploads\/2023\/05\/Organizacijos-kontekstas.pdf\"><strong>3. ORGANIZACIJOS KONTEKSTAS<\/strong><\/a><\/h4>\n<h4><a href=\"https:\/\/greengenius.com\/wp-content\/uploads\/2023\/05\/SUINTERESUOTU-SALIU-POREIKIU-LUKESCIU-IDENTIFIKAVIMAS.pdf\">4. SUINTERESUOT\u0172 \u0160ALI\u0172 POREIKI\u0172 L\u016aKES\u010cI\u0172 IDENTIFIKAVIMAS<\/a><\/h4>\n<h4><a href=\"https:\/\/greengenius.com\/wp-content\/uploads\/2023\/12\/Verslo-etikos-kodeksas-Green-Genius-International-BV.pdf\" target=\"_blank\" rel=\"noopener\"><strong>5. VERSLO ETIKOS KODEKSAS<\/strong><\/a><\/h4>\n<p>&nbsp;<\/p>\n","protected":false},"excerpt":{"rendered":"<p>1. \u012eMON\u0116S POLITIKA 2. KOKYB\u0116S, APLINKOSAUGOS IR DARBUOTOJ\u0172 SAUGOS IR SVEIKATOS VADYBOS SISTEMA 3. ORGANIZACIJOS KONTEKSTAS 4. SUINTERESUOT\u0172 \u0160ALI\u0172 POREIKI\u0172 L\u016aKES\u010cI\u0172 IDENTIFIKAVIMAS 5. VERSLO ETIKOS KODEKSAS &nbsp;<\/p>\n","protected":false},"author":1,"featured_media":0,"parent":0,"menu_order":0,"comment_status":"closed","ping_status":"closed","template":"","meta":{"_acf_changed":false,"inline_featured_image":false,"footnotes":""},"class_list":["post-7914","page","type-page","status-publish","hentry"],"acf":[],"yoast_head":"<!-- This site is optimized with the Yoast SEO plugin v27.1.1 - https:\/\/yoast.com\/product\/yoast-seo-wordpress\/ -->\n<title>\u012emon\u0117s politikos dokumentai - Green Genius<\/title>\n<meta name=\"robots\" content=\"index, follow, max-snippet:-1, max-image-preview:large, max-video-preview:-1\" \/>\n<link rel=\"canonical\" href=\"https:\/\/greengenius.com\/lt\/imones-politikos-dokumentai\/\" \/>\n<meta property=\"og:locale\" content=\"lt_LT\" \/>\n<meta property=\"og:type\" content=\"article\" \/>\n<meta property=\"og:title\" content=\"\u012emon\u0117s politikos dokumentai - Green Genius\" \/>\n<meta property=\"og:description\" content=\"1. \u012eMON\u0116S POLITIKA 2. KOKYB\u0116S, APLINKOSAUGOS IR DARBUOTOJ\u0172 SAUGOS IR SVEIKATOS VADYBOS SISTEMA 3. ORGANIZACIJOS KONTEKSTAS 4. SUINTERESUOT\u0172 \u0160ALI\u0172 POREIKI\u0172 L\u016aKES\u010cI\u0172 IDENTIFIKAVIMAS 5. VERSLO ETIKOS KODEKSAS &nbsp;\" \/>\n<meta property=\"og:url\" content=\"https:\/\/greengenius.com\/lt\/imones-politikos-dokumentai\/\" \/>\n<meta property=\"og:site_name\" content=\"Green Genius\" \/>\n<meta property=\"article:publisher\" content=\"https:\/\/www.facebook.com\/greengeniuslietuva\/\" \/>\n<meta property=\"article:modified_time\" content=\"2025-06-11T07:13:41+00:00\" \/>\n<meta name=\"twitter:card\" content=\"summary_large_image\" \/>\n<meta name=\"twitter:site\" content=\"@greengenius_\" \/>\n<meta name=\"twitter:label1\" content=\"Est. reading time\" \/>\n\t<meta name=\"twitter:data1\" content=\"1 minut\u0117\" \/>\n<script type=\"application\/ld+json\" class=\"yoast-schema-graph\">{\"@context\":\"https:\/\/schema.org\",\"@graph\":[{\"@type\":\"Article\",\"@id\":\"https:\/\/greengenius.com\/lt\/imones-politikos-dokumentai\/#article\",\"isPartOf\":{\"@id\":\"https:\/\/greengenius.com\/lt\/imones-politikos-dokumentai\/\"},\"author\":{\"name\":\"gg_admin\",\"@id\":\"https:\/\/greengenius.com\/#\/schema\/person\/9dd61841b9ebbeac2b92b6a6e2bd7305\"},\"headline\":\"\u012emon\u0117s politikos dokumentai\",\"datePublished\":\"2022-08-22T12:15:38+00:00\",\"dateModified\":\"2025-06-11T07:13:41+00:00\",\"mainEntityOfPage\":{\"@id\":\"https:\/\/greengenius.com\/lt\/imones-politikos-dokumentai\/\"},\"wordCount\":30,\"publisher\":{\"@id\":\"https:\/\/greengenius.com\/#organization\"},\"inLanguage\":\"lt-LT\"},{\"@type\":\"WebPage\",\"@id\":\"https:\/\/greengenius.com\/lt\/imones-politikos-dokumentai\/\",\"url\":\"https:\/\/greengenius.com\/lt\/imones-politikos-dokumentai\/\",\"name\":\"\u012emon\u0117s politikos dokumentai - Green Genius\",\"isPartOf\":{\"@id\":\"https:\/\/greengenius.com\/#website\"},\"datePublished\":\"2022-08-22T12:15:38+00:00\",\"dateModified\":\"2025-06-11T07:13:41+00:00\",\"breadcrumb\":{\"@id\":\"https:\/\/greengenius.com\/lt\/imones-politikos-dokumentai\/#breadcrumb\"},\"inLanguage\":\"lt-LT\",\"potentialAction\":[{\"@type\":\"ReadAction\",\"target\":[\"https:\/\/greengenius.com\/lt\/imones-politikos-dokumentai\/\"]}]},{\"@type\":\"BreadcrumbList\",\"@id\":\"https:\/\/greengenius.com\/lt\/imones-politikos-dokumentai\/#breadcrumb\",\"itemListElement\":[{\"@type\":\"ListItem\",\"position\":1,\"name\":\"Home\",\"item\":\"https:\/\/greengenius.com\/lt\/\"},{\"@type\":\"ListItem\",\"position\":2,\"name\":\"\u012emon\u0117s politikos dokumentai\"}]},{\"@type\":\"WebSite\",\"@id\":\"https:\/\/greengenius.com\/#website\",\"url\":\"https:\/\/greengenius.com\/\",\"name\":\"Green Genius\",\"description\":\"\",\"publisher\":{\"@id\":\"https:\/\/greengenius.com\/#organization\"},\"potentialAction\":[{\"@type\":\"SearchAction\",\"target\":{\"@type\":\"EntryPoint\",\"urlTemplate\":\"https:\/\/greengenius.com\/?s={search_term_string}\"},\"query-input\":{\"@type\":\"PropertyValueSpecification\",\"valueRequired\":true,\"valueName\":\"search_term_string\"}}],\"inLanguage\":\"lt-LT\"},{\"@type\":\"Organization\",\"@id\":\"https:\/\/greengenius.com\/#organization\",\"name\":\"Green Genius\",\"url\":\"https:\/\/greengenius.com\/\",\"logo\":{\"@type\":\"ImageObject\",\"inLanguage\":\"lt-LT\",\"@id\":\"https:\/\/greengenius.com\/#\/schema\/logo\/image\/\",\"url\":\"https:\/\/greengenius.com\/wp-content\/uploads\/2022\/10\/logo.png\",\"contentUrl\":\"https:\/\/greengenius.com\/wp-content\/uploads\/2022\/10\/logo.png\",\"width\":602,\"height\":602,\"caption\":\"Green Genius\"},\"image\":{\"@id\":\"https:\/\/greengenius.com\/#\/schema\/logo\/image\/\"},\"sameAs\":[\"https:\/\/www.facebook.com\/greengeniuslietuva\/\",\"https:\/\/x.com\/greengenius_\",\"https:\/\/www.linkedin.com\/company\/green-genius\/\",\"https:\/\/www.youtube.com\/channel\/UCxd1pbeZ-bFpy3qkdsL5gSg\"]},{\"@type\":\"Person\",\"@id\":\"https:\/\/greengenius.com\/#\/schema\/person\/9dd61841b9ebbeac2b92b6a6e2bd7305\",\"name\":\"gg_admin\"}]}<\/script>\n<!-- \/ Yoast SEO plugin. -->","yoast_head_json":{"title":"\u012emon\u0117s politikos dokumentai - Green Genius","robots":{"index":"index","follow":"follow","max-snippet":"max-snippet:-1","max-image-preview":"max-image-preview:large","max-video-preview":"max-video-preview:-1"},"canonical":"https:\/\/greengenius.com\/lt\/imones-politikos-dokumentai\/","og_locale":"lt_LT","og_type":"article","og_title":"\u012emon\u0117s politikos dokumentai - Green Genius","og_description":"1. \u012eMON\u0116S POLITIKA 2. KOKYB\u0116S, APLINKOSAUGOS IR DARBUOTOJ\u0172 SAUGOS IR SVEIKATOS VADYBOS SISTEMA 3. ORGANIZACIJOS KONTEKSTAS 4. SUINTERESUOT\u0172 \u0160ALI\u0172 POREIKI\u0172 L\u016aKES\u010cI\u0172 IDENTIFIKAVIMAS 5. VERSLO ETIKOS KODEKSAS &nbsp;","og_url":"https:\/\/greengenius.com\/lt\/imones-politikos-dokumentai\/","og_site_name":"Green Genius","article_publisher":"https:\/\/www.facebook.com\/greengeniuslietuva\/","article_modified_time":"2025-06-11T07:13:41+00:00","twitter_card":"summary_large_image","twitter_site":"@greengenius_","twitter_misc":{"Est. reading time":"1 minut\u0117"},"schema":{"@context":"https:\/\/schema.org","@graph":[{"@type":"Article","@id":"https:\/\/greengenius.com\/lt\/imones-politikos-dokumentai\/#article","isPartOf":{"@id":"https:\/\/greengenius.com\/lt\/imones-politikos-dokumentai\/"},"author":{"name":"gg_admin","@id":"https:\/\/greengenius.com\/#\/schema\/person\/9dd61841b9ebbeac2b92b6a6e2bd7305"},"headline":"\u012emon\u0117s politikos dokumentai","datePublished":"2022-08-22T12:15:38+00:00","dateModified":"2025-06-11T07:13:41+00:00","mainEntityOfPage":{"@id":"https:\/\/greengenius.com\/lt\/imones-politikos-dokumentai\/"},"wordCount":30,"publisher":{"@id":"https:\/\/greengenius.com\/#organization"},"inLanguage":"lt-LT"},{"@type":"WebPage","@id":"https:\/\/greengenius.com\/lt\/imones-politikos-dokumentai\/","url":"https:\/\/greengenius.com\/lt\/imones-politikos-dokumentai\/","name":"\u012emon\u0117s politikos dokumentai - Green Genius","isPartOf":{"@id":"https:\/\/greengenius.com\/#website"},"datePublished":"2022-08-22T12:15:38+00:00","dateModified":"2025-06-11T07:13:41+00:00","breadcrumb":{"@id":"https:\/\/greengenius.com\/lt\/imones-politikos-dokumentai\/#breadcrumb"},"inLanguage":"lt-LT","potentialAction":[{"@type":"ReadAction","target":["https:\/\/greengenius.com\/lt\/imones-politikos-dokumentai\/"]}]},{"@type":"BreadcrumbList","@id":"https:\/\/greengenius.com\/lt\/imones-politikos-dokumentai\/#breadcrumb","itemListElement":[{"@type":"ListItem","position":1,"name":"Home","item":"https:\/\/greengenius.com\/lt\/"},{"@type":"ListItem","position":2,"name":"\u012emon\u0117s politikos dokumentai"}]},{"@type":"WebSite","@id":"https:\/\/greengenius.com\/#website","url":"https:\/\/greengenius.com\/","name":"Green Genius","description":"","publisher":{"@id":"https:\/\/greengenius.com\/#organization"},"potentialAction":[{"@type":"SearchAction","target":{"@type":"EntryPoint","urlTemplate":"https:\/\/greengenius.com\/?s={search_term_string}"},"query-input":{"@type":"PropertyValueSpecification","valueRequired":true,"valueName":"search_term_string"}}],"inLanguage":"lt-LT"},{"@type":"Organization","@id":"https:\/\/greengenius.com\/#organization","name":"Green Genius","url":"https:\/\/greengenius.com\/","logo":{"@type":"ImageObject","inLanguage":"lt-LT","@id":"https:\/\/greengenius.com\/#\/schema\/logo\/image\/","url":"https:\/\/greengenius.com\/wp-content\/uploads\/2022\/10\/logo.png","contentUrl":"https:\/\/greengenius.com\/wp-content\/uploads\/2022\/10\/logo.png","width":602,"height":602,"caption":"Green Genius"},"image":{"@id":"https:\/\/greengenius.com\/#\/schema\/logo\/image\/"},"sameAs":["https:\/\/www.facebook.com\/greengeniuslietuva\/","https:\/\/x.com\/greengenius_","https:\/\/www.linkedin.com\/company\/green-genius\/","https:\/\/www.youtube.com\/channel\/UCxd1pbeZ-bFpy3qkdsL5gSg"]},{"@type":"Person","@id":"https:\/\/greengenius.com\/#\/schema\/person\/9dd61841b9ebbeac2b92b6a6e2bd7305","name":"gg_admin"}]}},"_links":{"self":[{"href":"https:\/\/greengenius.com\/lt\/wp-json\/wp\/v2\/pages\/7914","targetHints":{"allow":["GET"]}}],"collection":[{"href":"https:\/\/greengenius.com\/lt\/wp-json\/wp\/v2\/pages"}],"about":[{"href":"https:\/\/greengenius.com\/lt\/wp-json\/wp\/v2\/types\/page"}],"author":[{"embeddable":true,"href":"https:\/\/greengenius.com\/lt\/wp-json\/wp\/v2\/users\/1"}],"replies":[{"embeddable":true,"href":"https:\/\/greengenius.com\/lt\/wp-json\/wp\/v2\/comments?post=7914"}],"version-history":[{"count":10,"href":"https:\/\/greengenius.com\/lt\/wp-json\/wp\/v2\/pages\/7914\/revisions"}],"predecessor-version":[{"id":11579,"href":"https:\/\/greengenius.com\/lt\/wp-json\/wp\/v2\/pages\/7914\/revisions\/11579"}],"wp:attachment":[{"href":"https:\/\/greengenius.com\/lt\/wp-json\/wp\/v2\/media?parent=7914"}],"curies":[{"name":"wp","href":"https:\/\/api.w.org\/{rel}","templated":true}]}}